{"id":73728,"date":"2019-01-14T15:23:04","date_gmt":"2019-01-14T14:23:04","guid":{"rendered":"http:\/\/vackerunderbar.se\/?page_id=73728"},"modified":"2019-01-14T15:27:38","modified_gmt":"2019-01-14T14:27:38","slug":"stangd-sida","status":"publish","type":"page","link":"https:\/\/vackerunderbar.se\/","title":{"rendered":"Vacker &#038; Underbar \u00e4r st\u00e4ngd!"},"content":{"rendered":"<p>Hej!<\/p>\n<p><strong>Vacker &amp; Underbar \u00e4r st\u00e4ngd!<\/strong> Du kan n\u00e5 mig p\u00e5 <a href=\"mailto:karin@vackerunderbar.se\">karin@vackerunderbar.se<\/a> eller p\u00e5 <a href=\"http:\/\/instagram.com\/akrogirl\">instagram.com\/akrogirl<\/a>. Jag g\u00f6r inga samarbeten eller betalda inl\u00e4gg!!!<\/p>\n","protected":false},"excerpt":{"rendered":"<p>Hej! Vacker &amp; Underbar \u00e4r st\u00e4ngd! Du kan n\u00e5 mig p\u00e5 karin@vackerunderbar.se eller p\u00e5 instagram.com\/akrogirl. Jag g\u00f6r inga samarbeten eller betalda inl\u00e4gg!!!<\/p>\n","protected":false},"author":1,"featured_media":0,"parent":0,"menu_order":0,"comment_status":"closed","ping_status":"closed","template":"","meta":{"footnotes":""},"_links":{"self":[{"href":"https:\/\/vackerunderbar.se\/index.php?rest_route=\/wp\/v2\/pages\/73728"}],"collection":[{"href":"https:\/\/vackerunderbar.se\/index.php?rest_route=\/wp\/v2\/pages"}],"about":[{"href":"https:\/\/vackerunderbar.se\/index.php?rest_route=\/wp\/v2\/types\/page"}],"author":[{"embeddable":true,"href":"https:\/\/vackerunderbar.se\/index.php?rest_route=\/wp\/v2\/users\/1"}],"replies":[{"embeddable":true,"href":"https:\/\/vackerunderbar.se\/index.php?rest_route=%2Fwp%2Fv2%2Fcomments&post=73728"}],"version-history":[{"count":3,"href":"https:\/\/vackerunderbar.se\/index.php?rest_route=\/wp\/v2\/pages\/73728\/revisions"}],"predecessor-version":[{"id":73731,"href":"https:\/\/vackerunderbar.se\/index.php?rest_route=\/wp\/v2\/pages\/73728\/revisions\/73731"}],"wp:attachment":[{"href":"https:\/\/vackerunderbar.se\/index.php?rest_route=%2Fwp%2Fv2%2Fmedia&parent=73728"}],"curies":[{"name":"wp","href":"https:\/\/api.w.org\/{rel}","templated":true}]}}